{"id":1526,"date":"2024-01-05T08:14:53","date_gmt":"2024-01-05T07:14:53","guid":{"rendered":"https:\/\/laube.mobi\/?page_id=1526"},"modified":"2024-03-07T09:51:03","modified_gmt":"2024-03-07T08:51:03","slug":"avis-legal","status":"publish","type":"page","link":"https:\/\/laube.mobi\/es\/avis-legal\/","title":{"rendered":"Aviso Legal"},"content":{"rendered":"<p><div class=\"fusion-fullwidth fullwidth-box fusion-builder-row-1 fusion-flex-container has-mask-background nonhundred-percent-fullwidth non-hundred-percent-height-scrolling fusion-no-small-visibility fusion-no-medium-visibility\" style=\"--link_hover_color: var(--awb-color1);--link_color: var(--awb-color1);--awb-background-position:center top;--awb-border-sizes-top:0px;--awb-border-sizes-bottom:0px;--awb-border-sizes-left:0px;--awb-border-sizes-right:0px;--awb-border-color:var(--awb-color1);--awb-border-radius-top-left:0px;--awb-border-radius-top-right:0px;--awb-border-radius-bottom-right:0px;--awb-border-radius-bottom-left:0px;--awb-padding-top:172.333px;--awb-padding-right:7vw;--awb-padding-bottom:76.3333px;--awb-padding-left:7vw;--awb-padding-top-medium:120px;--awb-padding-bottom-medium:120px;--awb-padding-top-small:85px;--awb-padding-bottom-small:85px;--awb-margin-bottom:0px;--awb-background-color:var(--awb-color5);--awb-flex-wrap:wrap;\" ><div class=\"awb-background-mask\" style=\"background-image:  url(data:image\/svg+xml;utf8,%3Csvg%20width%3D%221920%22%20height%3D%22954%22%20fill%3D%22none%22%20xmlns%3D%22http%3A%2F%2Fwww.w3.org%2F2000%2Fsvg%22%3E%3Cpath%20fill-rule%3D%22evenodd%22%20clip-rule%3D%22evenodd%22%20d%3D%22M0%20708.798V954h1326.42l-3.72-13.882a95.994%2095.994%200%200124.84-92.729l147.89-147.89c24.26-24.252%2059.6-33.724%2092.73-24.847l202.02%2054.132a96.012%2096.012%200%200167.89%2067.882L1900.22%20954H1920V0H767.891a199.9%20199.9%200%20012.183%20111.078L669.378%20486.881c-18.493%2069.019-72.403%20122.928-141.421%20141.422L152.154%20728.999C100.099%20742.947%2045.414%20735.151%200%20708.798zM1595.66%20258.87a23.996%2023.996%200%2001-23.18-6.211l-36.98-36.973a24.004%2024.004%200%2001-6.21-23.182l13.53-50.506a24%2024%200%200116.98-16.97l50.5-13.533c8.28-2.22%2017.12.148%2023.18%206.211l36.98%2036.973a24.004%2024.004%200%20016.21%2023.182l-13.54%2050.506a23.97%2023.97%200%2001-16.97%2016.97l-50.5%2013.533z%22%20fill%3D%22rgba%28255%2C251%2C244%2C1%29%22%2F%3E%3C%2Fsvg%3E);opacity: 0.36 ;\"><\/div><div class=\"fusion-builder-row fusion-row fusion-flex-align-items-center fusion-flex-justify-content-center fusion-flex-content-wrap\" style=\"max-width:1268.8px;margin-left: calc(-4% \/ 2 );margin-right: calc(-4% \/ 2 );\"><div class=\"fusion-layout-column fusion_builder_column fusion-builder-column-0 fusion_builder_column_3_4 3_4 fusion-flex-column fusion-animated\" style=\"--awb-bg-size:cover;--awb-width-large:75%;--awb-margin-top-large:0px;--awb-spacing-right-large:2.56%;--awb-margin-bottom-large:0px;--awb-spacing-left-large:2.56%;--awb-width-medium:75%;--awb-spacing-right-medium:2.56%;--awb-spacing-left-medium:2.56%;--awb-width-small:100%;--awb-spacing-right-small:1.92%;--awb-spacing-left-small:1.92%;\" data-animationtype=\"fadeInUp\" data-animationduration=\"1.0\" data-animationoffset=\"top-into-view\"><div class=\"fusion-column-wrapper fusion-column-has-shadow fusion-flex-justify-content-center fusion-content-layout-column\"><div class=\"fusion-title title fusion-title-1 fusion-no-small-visibility fusion-no-medium-visibility fusion-sep-none fusion-title-center fusion-title-text fusion-title-size-one\" style=\"--awb-text-color:var(--awb-color1);--awb-margin-bottom:20px;--awb-margin-top-small:10px;--awb-margin-right-small:0px;--awb-margin-bottom-small:40px;--awb-margin-left-small:0px;--awb-font-size:50px;\"><h1 class=\"fusion-title-heading title-heading-center fusion-responsive-typography-calculated\" style=\"margin:0;font-size:1em;--fontSize:50;line-height:var(--awb-typography1-line-height);\">Aviso Legal<\/h1><\/div><\/div><\/div><\/div><\/div><div class=\"fusion-fullwidth fullwidth-box fusion-builder-row-2 fusion-flex-container has-mask-background nonhundred-percent-fullwidth non-hundred-percent-height-scrolling fusion-no-large-visibility\" style=\"--link_hover_color: var(--awb-color1);--link_color: var(--awb-color1);--awb-background-position:center top;--awb-border-sizes-top:0px;--awb-border-sizes-bottom:0px;--awb-border-sizes-left:0px;--awb-border-sizes-right:0px;--awb-border-color:var(--awb-color1);--awb-border-radius-top-left:0px;--awb-border-radius-top-right:0px;--awb-border-radius-bottom-right:0px;--awb-border-radius-bottom-left:0px;--awb-padding-top:172.333px;--awb-padding-right:7vw;--awb-padding-bottom:76.3333px;--awb-padding-left:7vw;--awb-padding-top-medium:197px;--awb-padding-bottom-medium:63px;--awb-padding-top-small:190px;--awb-padding-bottom-small:44px;--awb-margin-bottom:0px;--awb-background-color:var(--awb-color5);--awb-flex-wrap:wrap;\" ><div class=\"awb-background-mask\" style=\"background-image:  url(data:image\/svg+xml;utf8,%3Csvg%20width%3D%221920%22%20height%3D%22954%22%20fill%3D%22none%22%20xmlns%3D%22http%3A%2F%2Fwww.w3.org%2F2000%2Fsvg%22%3E%3Cpath%20fill-rule%3D%22evenodd%22%20clip-rule%3D%22evenodd%22%20d%3D%22M0%20708.798V954h1326.42l-3.72-13.882a95.994%2095.994%200%200124.84-92.729l147.89-147.89c24.26-24.252%2059.6-33.724%2092.73-24.847l202.02%2054.132a96.012%2096.012%200%200167.89%2067.882L1900.22%20954H1920V0H767.891a199.9%20199.9%200%20012.183%20111.078L669.378%20486.881c-18.493%2069.019-72.403%20122.928-141.421%20141.422L152.154%20728.999C100.099%20742.947%2045.414%20735.151%200%20708.798zM1595.66%20258.87a23.996%2023.996%200%2001-23.18-6.211l-36.98-36.973a24.004%2024.004%200%2001-6.21-23.182l13.53-50.506a24%2024%200%200116.98-16.97l50.5-13.533c8.28-2.22%2017.12.148%2023.18%206.211l36.98%2036.973a24.004%2024.004%200%20016.21%2023.182l-13.54%2050.506a23.97%2023.97%200%2001-16.97%2016.97l-50.5%2013.533z%22%20fill%3D%22rgba%28255%2C251%2C244%2C1%29%22%2F%3E%3C%2Fsvg%3E);opacity: 0.36 ;\"><\/div><div class=\"fusion-builder-row fusion-row fusion-flex-align-items-center fusion-flex-justify-content-center fusion-flex-content-wrap\" style=\"max-width:1268.8px;margin-left: calc(-4% \/ 2 );margin-right: calc(-4% \/ 2 );\"><div class=\"fusion-layout-column fusion_builder_column fusion-builder-column-1 fusion_builder_column_3_4 3_4 fusion-flex-column fusion-flex-align-self-stretch fusion-animated\" style=\"--awb-bg-size:cover;--awb-width-large:75%;--awb-margin-top-large:0px;--awb-spacing-right-large:2.56%;--awb-margin-bottom-large:0px;--awb-spacing-left-large:2.56%;--awb-width-medium:75%;--awb-spacing-right-medium:2.56%;--awb-spacing-left-medium:2.56%;--awb-width-small:100%;--awb-spacing-right-small:1.92%;--awb-spacing-left-small:1.92%;\" data-animationtype=\"fadeInUp\" data-animationduration=\"1.0\" data-animationoffset=\"top-into-view\"><div class=\"fusion-column-wrapper fusion-column-has-shadow fusion-flex-justify-content-center fusion-content-layout-column\"><div class=\"fusion-title title fusion-title-2 fusion-no-large-visibility fusion-sep-none fusion-title-center fusion-title-text fusion-title-size-one\" style=\"--awb-text-color:var(--awb-color1);--awb-margin-bottom:20px;--awb-margin-top-small:10px;--awb-margin-right-small:0px;--awb-margin-bottom-small:40px;--awb-margin-left-small:0px;--awb-font-size:50px;\"><h1 class=\"fusion-title-heading title-heading-center fusion-responsive-typography-calculated\" style=\"margin:0;font-size:1em;--fontSize:50;line-height:var(--awb-typography1-line-height);\">Aviso Legal<\/h1><\/div><\/div><\/div><\/div><\/div><div class=\"fusion-fullwidth fullwidth-box fusion-builder-row-3 fusion-flex-container nonhundred-percent-fullwidth non-hundred-percent-height-scrolling\" style=\"--awb-border-radius-top-left:0px;--awb-border-radius-top-right:0px;--awb-border-radius-bottom-right:0px;--awb-border-radius-bottom-left:0px;--awb-background-color:var(--awb-color1);--awb-flex-wrap:wrap;\" ><div class=\"fusion-builder-row fusion-row fusion-flex-align-items-flex-start fusion-flex-content-wrap\" style=\"max-width:1268.8px;margin-left: calc(-4% \/ 2 );margin-right: calc(-4% \/ 2 );\"><div class=\"fusion-layout-column fusion_builder_column fusion-builder-column-2 fusion_builder_column_1_1 1_1 fusion-flex-column\" style=\"--awb-bg-blend:overlay;--awb-bg-size:cover;--awb-width-large:100%;--awb-margin-top-large:42px;--awb-spacing-right-large:1.92%;--awb-margin-bottom-large:0px;--awb-spacing-left-large:1.92%;--awb-width-medium:100%;--awb-spacing-right-medium:1.92%;--awb-spacing-left-medium:1.92%;--awb-width-small:100%;--awb-spacing-right-small:1.92%;--awb-spacing-left-small:1.92%;\"><div class=\"fusion-column-wrapper fusion-flex-justify-content-flex-start fusion-content-layout-column\"><div class=\"fusion-text fusion-text-1\"><p><strong>TITULAR DE LA WEB<\/strong><\/p>\n<p>En cumplimiento del deber de informar recogido en art\u00edculo 10 de la Ley 34\/2002, de 11 de julio, de Servicios de la Sociedad de la Informaci\u00f3n y del Comercio Electr\u00f3nico, a continuaci\u00f3n se reflejan los siguientes datos:<\/p>\n<p>Empresa titular de esta web: Asociaci\u00f3n \"l\u2019Aube\"<\/p>\n<p>C.I.F.: G42867283<\/p>\n<p>Domicilio: Glorieta Eje del Ebro, M\u00f3ra la Nova (43770)<\/p>\n<p>Correo electr\u00f3nico: info@laube.cat<\/p>\n<p>&nbsp;<\/p>\n<p><strong>OBJETO<\/strong><\/p>\n<p>El responsable posa a disposici\u00f3 dels usuaris el present document amb el qual pret\u00e9n\u00a0donar compliment\u00a0del que disposa la normativa vigent en mat\u00e8ria de protecci\u00f3 de dades, i en el context del nou marc normatiu establert en virtut del qual disposa el Reglament (UE) 2016\/679 del Parlament Europeu i del Consell, de 27 d\u2019abril de 2016, relatiu a la protecci\u00f3 de les persones f\u00edsiques pel que fa al tractament de dades personals i a la lliure circulaci\u00f3 d\u2019aquestes dades (en endavant, el \u201cRGPD\u201d), i la normativa nacional Llei Org\u00e0nica de Protecci\u00f3 de Dades i Garantia dels Drets Digitals (en endavant, el \u201cLOPDGDD\u201d), aix\u00ed com informar a tots els usuaris del lloc web respecte a quines s\u00f3n les condicions d\u2019\u00fas d\u2019aquest.<\/p>\n<p>Toda persona que acceda a este sitio web asume el papel de usuario, comprometi\u00e9ndose a la observancia y riguroso cumplimiento de las disposiciones aqu\u00ed dispuestas, as\u00ed como a cualquier otra disposici\u00f3n legal aplicable.<\/p>\n<p>El Responsable se reserva el derecho a modificar cualquier tipo de informaci\u00f3n publicada en el sitio web, sin que exista obligaci\u00f3n de preavisar o poner en conocimiento de los usuarios estas obligaciones, entendi\u00e9ndose como suficiente con la publicaci\u00f3n en el sitio web del Responsable.<strong>\u00a0\u00a0\u00a0\u00a0\u00a0\u00a0\u00a0\u00a0\u00a0\u00a0 <\/strong><\/p>\n<p>&nbsp;<\/p>\n<p><strong>RESPONSABILIDAD<\/strong><\/p>\n<p>El Responsable se exime de cualquier tipo de responsabilidad derivada de la informaci\u00f3n publicada en su sitio web que haya sido manipulada o introducida por un tercero ajeno al mismo.<\/p>\n<p><strong>\u00a0<\/strong><\/p>\n<p><strong>DIRECCIONES IP<\/strong><\/p>\n<p>Los servidores del sitio web detectan autom\u00e1ticamente la direcci\u00f3n IP y el nombre de dominio utilizados por el usuario.<\/p>\n<p>Una direcci\u00f3n IP es un n\u00famero asignado autom\u00e1ticamente a un ordenador cuando \u00e9ste se conecta a Internet. Toda esta informaci\u00f3n est\u00e1 registrada en un archivo de actividad del servidor, que permite el posterior procesamiento de los datos con el fin de obtener medidas \u00fanicamente estad\u00edsticas que permitan conocer el n\u00famero de impresiones de p\u00e1ginas, el n\u00famero de visitas realizadas a los servidores web, el orden de visitas, el punto de acceso, etc.<\/p>\n<p>&nbsp;<\/p>\n<p><strong>POL\u00cdTICA DE ENLACES<\/strong><\/p>\n<p>Desde el presente sitio web es posible que se redirija a contenidos de terceros sitios web. Dado que El Responsable no puede controlar siempre los contenidos introducidos por los terceros en sus sitios web, este no asume ning\u00fan tipo de responsabilidad respecto a estos contenidos. En todo caso, El Responsable manifiesta que proceder\u00e1 a la retirada inmediata de cualquier contenido que pudiera contravenir la legislaci\u00f3n nacional o internacional, la moral o el orden p\u00fablico, procediendo a la retirada inmediata de la redirecci\u00f3n a dicho sitio web, poniendo en conocimiento de las autoridades competentes el contenido en cuesti\u00f3n.<\/p>\n<p>El Responsable no se hace responsable de la informaci\u00f3n y contenidos almacenados, a t\u00edtulo enunciativo pero no limitativo, en foros, chat, generadores de blogs, comentarios, redes sociales o cualquier otro medio que permita a terceros publicar contenidos de forma independiente en la p\u00e1gina web del Responsable. Sin embargo y en cumplimiento de lo dispuesto en el art. 11 y 16 de la LSSICE, El Responsable se pone a disposici\u00f3n de todos los usuarios, autoridades y fuerzas de seguridad, colaborando de forma activa en la retirada o en su caso bloqueo de todos aquellos contenidos que puedan afectar o contravenir la legislaci\u00f3n nacional, o internacional, derechos de terceros o la moral y el orden p\u00fablico. En caso de que el usuario considere que existe en el sitio web alg\u00fan contenido que pudiera ser susceptible de esta clasificaci\u00f3n, se ruega que lo haga saber de forma inmediata al administrador del sitio web.<\/p>\n<p>Este sitio web ha sido revisado y probado para que funcione correctamente. En principio, puede garantizarse su correcto funcionamiento los 365 d\u00edas del a\u00f1o, 24 horas al d\u00eda. No obstante, El Responsable no descarta la posibilidad de que existan ciertos errores de programaci\u00f3n, o que se conviertan en causas de fuerza mayor, cat\u00e1strofes naturales, huelgas, o circunstancias similares que hagan imposible el acceso a la p\u00e1gina web.<\/p>\n<p><strong>PROTECCI\u00d3N DE DATOS<\/strong><\/p>\n<p>El Responsable cumple lo que dispone el Reglamento (UE) 2016\/679 del Parlamento Europeo y del Consejo, de 27 de abril de 2016, relativo a la protecci\u00f3n de las personas f\u00edsicas en lo que se refiere al tratamiento de datos personales ya la libre circulaci\u00f3n de estos datos (RGPD), y la normativa nacional Ley Org\u00e1nica de Protecci\u00f3n de Datos y Garant\u00eda de los Derechos Digitales (LOPDGDD).<\/p>\n<p>Aix\u00ed mateix, El Responsable informa que\u00a0donar compliment\u00a0a la Llei 34\/2002 d\u201911 de juliol, de Serveis de la Societat de la Informaci\u00f3 i el Comer\u00e7 Electr\u00f2nic i li sol\u00b7licitar\u00e0 el seu consentiment al tractament de les seves dades amb fins comercials en cada moment.<\/p>\n<p>&nbsp;<\/p>\n<p><strong>PROPIEDAD INTELECTUAL E INDUSTRIAL<\/strong><\/p>\n<p>El lloc web,\u00a0incl\u00f2s\u00a0el t\u00edtol enunciatiu per\u00f2 no\u00a0limitatiu\u00a0la seva programaci\u00f3, edici\u00f3, compilaci\u00f3 i altres elements necessaris per al seu funcionament, els dissenys, logotips, text i\/o gr\u00e0fics s\u00f3n propietat del responsable o, si\u00a0escau disposa\u00a0de llic\u00e8ncia o autoritzaci\u00f3 expressa per part dels autors.<\/p>\n<p>Todos los contenidos del sitio web est\u00e1n debidamente protegidos por la normativa de propiedad intelectual e industrial.<\/p>\n<p>Independientemente de la finalidad para la que fuesen destinados, la reproducci\u00f3n total o parcial, uso, explotaci\u00f3n, distribuci\u00f3n y comercializaci\u00f3n, requiere en todo caso de la autorizaci\u00f3n escrita previa por parte del responsable. Cualquier uso no autorizado previamente por parte del responsable ser\u00e1 considerado un incumplimiento grave de los derechos de propiedad intelectual o industrial del autor.<\/p>\n<p>Els dissenys, logotips, text i \/ o gr\u00e0fics aliens al prestador i que poguessin apar\u00e8ixer en el lloc web, pertanyen als seus respectius propietaris, sent ells mateixos responsables de qualsevol possible controv\u00e8rsia que pogu\u00e9s suscitar respecte a aquests. En tot cas, El Responsable compta amb l\u2019autoritzaci\u00f3 expressa i pr\u00e8via per part\u00a0d\u2019aquests.<\/p>\n<p>El responsable autoritza expressament\u00a0a qu\u00e8\u00a0tercers puguin redirigir directament als continguts concrets del lloc web, i en tot cas redirigir a la p\u00e0gina principal del lloc web del responsable.<\/p>\n<p>El Responsable reconoce a favor de sus titulares los correspondientes derechos de propiedad intelectual e industrial. Que esta propiedad se mencione o aparezca al sitio web no implica que el Responsable tenga ning\u00fan derecho ni responsabilidad, ni tampoco que apoye, el patrocinio o la recomiende.<\/p>\n<p>Para todas aquellas im\u00e1genes en que el software de dise\u00f1o lo permite, se han incluido las referencias correspondientes en la autor\u00eda y licencia correspondiente.<\/p>\n<p>Para realizar cualquier tipo de observaci\u00f3n respecto a posibles incumplimientos de los derechos de propiedad intelectual o industrial, as\u00ed como sobre cualquier de los contenidos del sitio web, puede hacerlo por escrito o indicado al encabezamiento.<\/p>\n<\/div><\/div><\/div><\/div><\/div><\/p>","protected":false},"excerpt":{"rendered":"","protected":false},"author":2,"featured_media":0,"parent":0,"menu_order":0,"comment_status":"closed","ping_status":"closed","template":"100-width.php","meta":{"footnotes":""},"class_list":["post-1526","page","type-page","status-publish","hentry"],"yoast_head":"<!-- This site is optimized with the Yoast SEO plugin v27.4 - https:\/\/yoast.com\/product\/yoast-seo-wordpress\/ -->\n<title>Av\u00eds Legal - L&#039;Aube<\/title>\n<meta name=\"description\" content=\"En compliment del deure d\u2019informar recollit en article 10 de la Llei 34\/2002, d\u201911 de juliol, de Serveis de la Societat de la Informaci\u00f3...\" \/>\n<meta name=\"robots\" content=\"index, follow, max-snippet:-1, max-image-preview:large, max-video-preview:-1\" \/>\n<link rel=\"canonical\" href=\"https:\/\/laube.mobi\/es\/avis-legal\/\" \/>\n<meta property=\"og:locale\" content=\"es_ES\" \/>\n<meta property=\"og:type\" content=\"article\" \/>\n<meta property=\"og:title\" content=\"Av\u00eds Legal - L&#039;Aube\" \/>\n<meta property=\"og:description\" content=\"En compliment del deure d\u2019informar recollit en article 10 de la Llei 34\/2002, d\u201911 de juliol, de Serveis de la Societat de la Informaci\u00f3...\" \/>\n<meta property=\"og:url\" content=\"https:\/\/laube.mobi\/es\/avis-legal\/\" \/>\n<meta property=\"og:site_name\" content=\"L&#039;Aube\" \/>\n<meta property=\"article:modified_time\" content=\"2024-03-07T08:51:03+00:00\" \/>\n<meta name=\"twitter:card\" content=\"summary_large_image\" \/>\n<meta name=\"twitter:label1\" content=\"Tiempo de lectura\" \/>\n\t<meta name=\"twitter:data1\" content=\"6 minutos\" \/>\n<script type=\"application\/ld+json\" class=\"yoast-schema-graph\">{\"@context\":\"https:\\\/\\\/schema.org\",\"@graph\":[{\"@type\":\"WebPage\",\"@id\":\"https:\\\/\\\/laube.mobi\\\/avis-legal\\\/\",\"url\":\"https:\\\/\\\/laube.mobi\\\/avis-legal\\\/\",\"name\":\"Av\u00eds Legal - L&#039;Aube\",\"isPartOf\":{\"@id\":\"https:\\\/\\\/laube.mobi\\\/#website\"},\"datePublished\":\"2024-01-05T07:14:53+00:00\",\"dateModified\":\"2024-03-07T08:51:03+00:00\",\"description\":\"En compliment del deure d\u2019informar recollit en article 10 de la Llei 34\\\/2002, d\u201911 de juliol, de Serveis de la Societat de la Informaci\u00f3...\",\"breadcrumb\":{\"@id\":\"https:\\\/\\\/laube.mobi\\\/avis-legal\\\/#breadcrumb\"},\"inLanguage\":\"es\",\"potentialAction\":[{\"@type\":\"ReadAction\",\"target\":[\"https:\\\/\\\/laube.mobi\\\/avis-legal\\\/\"]}]},{\"@type\":\"BreadcrumbList\",\"@id\":\"https:\\\/\\\/laube.mobi\\\/avis-legal\\\/#breadcrumb\",\"itemListElement\":[{\"@type\":\"ListItem\",\"position\":1,\"name\":\"Inici\",\"item\":\"https:\\\/\\\/laube.mobi\\\/\"},{\"@type\":\"ListItem\",\"position\":2,\"name\":\"Av\u00eds Legal\"}]},{\"@type\":\"WebSite\",\"@id\":\"https:\\\/\\\/laube.mobi\\\/#website\",\"url\":\"https:\\\/\\\/laube.mobi\\\/\",\"name\":\"L&#039;Aube\",\"description\":\"Entorn Natural, Salut i Societat\",\"potentialAction\":[{\"@type\":\"SearchAction\",\"target\":{\"@type\":\"EntryPoint\",\"urlTemplate\":\"https:\\\/\\\/laube.mobi\\\/?s={search_term_string}\"},\"query-input\":{\"@type\":\"PropertyValueSpecification\",\"valueRequired\":true,\"valueName\":\"search_term_string\"}}],\"inLanguage\":\"es\"}]}<\/script>\n<!-- \/ Yoast SEO plugin. -->","yoast_head_json":{"title":"Av\u00eds Legal - L&#039;Aube","description":"En compliment del deure d\u2019informar recollit en article 10 de la Llei 34\/2002, d\u201911 de juliol, de Serveis de la Societat de la Informaci\u00f3...","robots":{"index":"index","follow":"follow","max-snippet":"max-snippet:-1","max-image-preview":"max-image-preview:large","max-video-preview":"max-video-preview:-1"},"canonical":"https:\/\/laube.mobi\/es\/avis-legal\/","og_locale":"es_ES","og_type":"article","og_title":"Av\u00eds Legal - L&#039;Aube","og_description":"En compliment del deure d\u2019informar recollit en article 10 de la Llei 34\/2002, d\u201911 de juliol, de Serveis de la Societat de la Informaci\u00f3...","og_url":"https:\/\/laube.mobi\/es\/avis-legal\/","og_site_name":"L&#039;Aube","article_modified_time":"2024-03-07T08:51:03+00:00","twitter_card":"summary_large_image","twitter_misc":{"Tiempo de lectura":"6 minutos"},"schema":{"@context":"https:\/\/schema.org","@graph":[{"@type":"WebPage","@id":"https:\/\/laube.mobi\/avis-legal\/","url":"https:\/\/laube.mobi\/avis-legal\/","name":"Av\u00eds Legal - L&#039;Aube","isPartOf":{"@id":"https:\/\/laube.mobi\/#website"},"datePublished":"2024-01-05T07:14:53+00:00","dateModified":"2024-03-07T08:51:03+00:00","description":"En compliment del deure d\u2019informar recollit en article 10 de la Llei 34\/2002, d\u201911 de juliol, de Serveis de la Societat de la Informaci\u00f3...","breadcrumb":{"@id":"https:\/\/laube.mobi\/avis-legal\/#breadcrumb"},"inLanguage":"es","potentialAction":[{"@type":"ReadAction","target":["https:\/\/laube.mobi\/avis-legal\/"]}]},{"@type":"BreadcrumbList","@id":"https:\/\/laube.mobi\/avis-legal\/#breadcrumb","itemListElement":[{"@type":"ListItem","position":1,"name":"Inici","item":"https:\/\/laube.mobi\/"},{"@type":"ListItem","position":2,"name":"Av\u00eds Legal"}]},{"@type":"WebSite","@id":"https:\/\/laube.mobi\/#website","url":"https:\/\/laube.mobi\/","name":"\"L'Aube\"","description":"Entorno Natural, Salud y Sociedad","potentialAction":[{"@type":"SearchAction","target":{"@type":"EntryPoint","urlTemplate":"https:\/\/laube.mobi\/?s={search_term_string}"},"query-input":{"@type":"PropertyValueSpecification","valueRequired":true,"valueName":"search_term_string"}}],"inLanguage":"es"}]}},"_links":{"self":[{"href":"https:\/\/laube.mobi\/es\/wp-json\/wp\/v2\/pages\/1526","targetHints":{"allow":["GET"]}}],"collection":[{"href":"https:\/\/laube.mobi\/es\/wp-json\/wp\/v2\/pages"}],"about":[{"href":"https:\/\/laube.mobi\/es\/wp-json\/wp\/v2\/types\/page"}],"author":[{"embeddable":true,"href":"https:\/\/laube.mobi\/es\/wp-json\/wp\/v2\/users\/2"}],"replies":[{"embeddable":true,"href":"https:\/\/laube.mobi\/es\/wp-json\/wp\/v2\/comments?post=1526"}],"version-history":[{"count":5,"href":"https:\/\/laube.mobi\/es\/wp-json\/wp\/v2\/pages\/1526\/revisions"}],"predecessor-version":[{"id":4065,"href":"https:\/\/laube.mobi\/es\/wp-json\/wp\/v2\/pages\/1526\/revisions\/4065"}],"wp:attachment":[{"href":"https:\/\/laube.mobi\/es\/wp-json\/wp\/v2\/media?parent=1526"}],"curies":[{"name":"wp","href":"https:\/\/api.w.org\/{rel}","templated":true}]}}