{"id":1531,"date":"2024-01-05T08:17:34","date_gmt":"2024-01-05T07:17:34","guid":{"rendered":"https:\/\/laube.mobi\/?page_id=1531"},"modified":"2024-03-07T10:10:15","modified_gmt":"2024-03-07T09:10:15","slug":"politica-de-cookies","status":"publish","type":"page","link":"https:\/\/laube.mobi\/es\/politica-de-cookies\/","title":{"rendered":"Pol\u00edtica de Cookies"},"content":{"rendered":"<p><div class=\"fusion-fullwidth fullwidth-box fusion-builder-row-1 fusion-flex-container has-mask-background nonhundred-percent-fullwidth non-hundred-percent-height-scrolling fusion-no-small-visibility fusion-no-medium-visibility\" style=\"--link_hover_color: var(--awb-color1);--link_color: var(--awb-color1);--awb-background-position:center top;--awb-border-sizes-top:0px;--awb-border-sizes-bottom:0px;--awb-border-sizes-left:0px;--awb-border-sizes-right:0px;--awb-border-color:var(--awb-color1);--awb-border-radius-top-left:0px;--awb-border-radius-top-right:0px;--awb-border-radius-bottom-right:0px;--awb-border-radius-bottom-left:0px;--awb-padding-top:172.333px;--awb-padding-right:7vw;--awb-padding-bottom:76.3333px;--awb-padding-left:7vw;--awb-padding-top-medium:120px;--awb-padding-bottom-medium:120px;--awb-padding-top-small:85px;--awb-padding-bottom-small:85px;--awb-margin-bottom:0px;--awb-background-color:var(--awb-color5);--awb-flex-wrap:wrap;\" ><div class=\"awb-background-mask\" style=\"background-image:  url(data:image\/svg+xml;utf8,%3Csvg%20width%3D%221920%22%20height%3D%22954%22%20fill%3D%22none%22%20xmlns%3D%22http%3A%2F%2Fwww.w3.org%2F2000%2Fsvg%22%3E%3Cpath%20fill-rule%3D%22evenodd%22%20clip-rule%3D%22evenodd%22%20d%3D%22M0%20708.798V954h1326.42l-3.72-13.882a95.994%2095.994%200%200124.84-92.729l147.89-147.89c24.26-24.252%2059.6-33.724%2092.73-24.847l202.02%2054.132a96.012%2096.012%200%200167.89%2067.882L1900.22%20954H1920V0H767.891a199.9%20199.9%200%20012.183%20111.078L669.378%20486.881c-18.493%2069.019-72.403%20122.928-141.421%20141.422L152.154%20728.999C100.099%20742.947%2045.414%20735.151%200%20708.798zM1595.66%20258.87a23.996%2023.996%200%2001-23.18-6.211l-36.98-36.973a24.004%2024.004%200%2001-6.21-23.182l13.53-50.506a24%2024%200%200116.98-16.97l50.5-13.533c8.28-2.22%2017.12.148%2023.18%206.211l36.98%2036.973a24.004%2024.004%200%20016.21%2023.182l-13.54%2050.506a23.97%2023.97%200%2001-16.97%2016.97l-50.5%2013.533z%22%20fill%3D%22rgba%28255%2C251%2C244%2C1%29%22%2F%3E%3C%2Fsvg%3E);opacity: 0.36 ;\"><\/div><div class=\"fusion-builder-row fusion-row fusion-flex-align-items-center fusion-flex-justify-content-center fusion-flex-content-wrap\" style=\"max-width:1268.8px;margin-left: calc(-4% \/ 2 );margin-right: calc(-4% \/ 2 );\"><div class=\"fusion-layout-column fusion_builder_column fusion-builder-column-0 fusion_builder_column_3_4 3_4 fusion-flex-column fusion-animated\" style=\"--awb-bg-size:cover;--awb-width-large:75%;--awb-margin-top-large:0px;--awb-spacing-right-large:2.56%;--awb-margin-bottom-large:0px;--awb-spacing-left-large:2.56%;--awb-width-medium:75%;--awb-spacing-right-medium:2.56%;--awb-spacing-left-medium:2.56%;--awb-width-small:100%;--awb-spacing-right-small:1.92%;--awb-spacing-left-small:1.92%;\" data-animationtype=\"fadeInUp\" data-animationduration=\"1.0\" data-animationoffset=\"top-into-view\"><div class=\"fusion-column-wrapper fusion-column-has-shadow fusion-flex-justify-content-center fusion-content-layout-column\"><div class=\"fusion-title title fusion-title-1 fusion-no-small-visibility fusion-no-medium-visibility fusion-sep-none fusion-title-center fusion-title-text fusion-title-size-one\" style=\"--awb-text-color:var(--awb-color1);--awb-margin-bottom:20px;--awb-margin-top-small:10px;--awb-margin-right-small:0px;--awb-margin-bottom-small:40px;--awb-margin-left-small:0px;--awb-font-size:50px;\"><h1 class=\"fusion-title-heading title-heading-center fusion-responsive-typography-calculated\" style=\"margin:0;font-size:1em;--fontSize:50;line-height:var(--awb-typography1-line-height);\">Pol\u00edtica de Cookies<\/h1><\/div><\/div><\/div><\/div><\/div><div class=\"fusion-fullwidth fullwidth-box fusion-builder-row-2 fusion-flex-container has-mask-background nonhundred-percent-fullwidth non-hundred-percent-height-scrolling fusion-no-large-visibility\" style=\"--link_hover_color: var(--awb-color1);--link_color: var(--awb-color1);--awb-background-position:center top;--awb-border-sizes-top:0px;--awb-border-sizes-bottom:0px;--awb-border-sizes-left:0px;--awb-border-sizes-right:0px;--awb-border-color:var(--awb-color1);--awb-border-radius-top-left:0px;--awb-border-radius-top-right:0px;--awb-border-radius-bottom-right:0px;--awb-border-radius-bottom-left:0px;--awb-padding-top:172.333px;--awb-padding-right:7vw;--awb-padding-bottom:76.3333px;--awb-padding-left:7vw;--awb-padding-top-medium:197px;--awb-padding-bottom-medium:65px;--awb-padding-top-small:197px;--awb-padding-bottom-small:44px;--awb-margin-bottom:0px;--awb-background-color:var(--awb-color5);--awb-flex-wrap:wrap;\" ><div class=\"awb-background-mask\" style=\"background-image:  url(data:image\/svg+xml;utf8,%3Csvg%20width%3D%221920%22%20height%3D%22954%22%20fill%3D%22none%22%20xmlns%3D%22http%3A%2F%2Fwww.w3.org%2F2000%2Fsvg%22%3E%3Cpath%20fill-rule%3D%22evenodd%22%20clip-rule%3D%22evenodd%22%20d%3D%22M0%20708.798V954h1326.42l-3.72-13.882a95.994%2095.994%200%200124.84-92.729l147.89-147.89c24.26-24.252%2059.6-33.724%2092.73-24.847l202.02%2054.132a96.012%2096.012%200%200167.89%2067.882L1900.22%20954H1920V0H767.891a199.9%20199.9%200%20012.183%20111.078L669.378%20486.881c-18.493%2069.019-72.403%20122.928-141.421%20141.422L152.154%20728.999C100.099%20742.947%2045.414%20735.151%200%20708.798zM1595.66%20258.87a23.996%2023.996%200%2001-23.18-6.211l-36.98-36.973a24.004%2024.004%200%2001-6.21-23.182l13.53-50.506a24%2024%200%200116.98-16.97l50.5-13.533c8.28-2.22%2017.12.148%2023.18%206.211l36.98%2036.973a24.004%2024.004%200%20016.21%2023.182l-13.54%2050.506a23.97%2023.97%200%2001-16.97%2016.97l-50.5%2013.533z%22%20fill%3D%22rgba%28255%2C251%2C244%2C1%29%22%2F%3E%3C%2Fsvg%3E);opacity: 0.36 ;\"><\/div><div class=\"fusion-builder-row fusion-row fusion-flex-align-items-center fusion-flex-justify-content-center fusion-flex-content-wrap\" style=\"max-width:1268.8px;margin-left: calc(-4% \/ 2 );margin-right: calc(-4% \/ 2 );\"><div class=\"fusion-layout-column fusion_builder_column fusion-builder-column-1 fusion_builder_column_3_4 3_4 fusion-flex-column fusion-flex-align-self-stretch fusion-animated\" style=\"--awb-bg-size:cover;--awb-width-large:75%;--awb-margin-top-large:0px;--awb-spacing-right-large:2.56%;--awb-margin-bottom-large:0px;--awb-spacing-left-large:2.56%;--awb-width-medium:75%;--awb-spacing-right-medium:2.56%;--awb-spacing-left-medium:2.56%;--awb-width-small:100%;--awb-spacing-right-small:1.92%;--awb-spacing-left-small:1.92%;\" data-animationtype=\"fadeInUp\" data-animationduration=\"1.0\" data-animationoffset=\"top-into-view\"><div class=\"fusion-column-wrapper fusion-column-has-shadow fusion-flex-justify-content-center fusion-content-layout-column\"><div class=\"fusion-title title fusion-title-2 fusion-no-large-visibility fusion-sep-none fusion-title-center fusion-title-text fusion-title-size-one\" style=\"--awb-text-color:var(--awb-color1);--awb-margin-bottom:20px;--awb-margin-top-small:10px;--awb-margin-right-small:0px;--awb-margin-bottom-small:40px;--awb-margin-left-small:0px;--awb-font-size:50px;\"><h1 class=\"fusion-title-heading title-heading-center fusion-responsive-typography-calculated\" style=\"margin:0;font-size:1em;--fontSize:50;line-height:var(--awb-typography1-line-height);\">Pol\u00edtica de Cookies<\/h1><\/div><\/div><\/div><\/div><\/div><div class=\"fusion-fullwidth fullwidth-box fusion-builder-row-3 fusion-flex-container nonhundred-percent-fullwidth non-hundred-percent-height-scrolling\" style=\"--awb-border-radius-top-left:0px;--awb-border-radius-top-right:0px;--awb-border-radius-bottom-right:0px;--awb-border-radius-bottom-left:0px;--awb-background-color:var(--awb-color1);--awb-flex-wrap:wrap;\" ><div class=\"fusion-builder-row fusion-row fusion-flex-align-items-flex-start fusion-flex-content-wrap\" style=\"max-width:1268.8px;margin-left: calc(-4% \/ 2 );margin-right: calc(-4% \/ 2 );\"><div class=\"fusion-layout-column fusion_builder_column fusion-builder-column-2 fusion_builder_column_1_1 1_1 fusion-flex-column\" style=\"--awb-bg-blend:overlay;--awb-bg-size:cover;--awb-width-large:100%;--awb-margin-top-large:42px;--awb-spacing-right-large:1.92%;--awb-margin-bottom-large:0px;--awb-spacing-left-large:1.92%;--awb-width-medium:100%;--awb-spacing-right-medium:1.92%;--awb-spacing-left-medium:1.92%;--awb-width-small:100%;--awb-spacing-right-small:1.92%;--awb-spacing-left-small:1.92%;\"><div class=\"fusion-column-wrapper fusion-flex-justify-content-flex-start fusion-content-layout-column\"><div class=\"fusion-text fusion-text-1\"><p>Este sitio web utiliza cookies propias y de terceros para ofrecerle una mejor experiencia y servicio. Al navegar o utilizar nuestros servicios, el usuario acepta el uso que hacemos de las cookies. Sin embargo, el usuario tiene la opci\u00f3n de impedir la generaci\u00f3n de cookies y la eliminaci\u00f3n de las mismas mediante la selecci\u00f3n de la correspondiente.<\/p>\n<p><strong>\u00bfQu\u00e8 \u00e9s una cookie?<\/strong><\/p>\n<p>Una cookie es un peque\u00f1o fragmento de texto que los sitios web env\u00edan al navegador y que se almacenan en el terminal del usuario, que puede ser un ordenador personal, un tel\u00e9fono m\u00f3vil, tableta, etc. Estos archivos permiten que el sitio web recuerde informaci\u00f3n sobre su visita, como el idioma y las opciones preferidas, lo que puede facilitar su pr\u00f3xima visita y hacer que el sitio resulte m\u00e1s \u00fatil al personalizar su contenido. Las cookies desempe\u00f1an un papel muy importante, al mejorar la experiencia de uso de la Web.<\/p>\n<p><strong>Tipos de cookies <\/strong><\/p>\n<p>Seg\u00fan la entidad que las gestione, las cookies pueden ser:<\/p>\n<ul>\n<li><strong>Cookies propias:<\/strong> Son aquellas que se env\u00edan al equipo terminal del interesado desde un equipo o dominio gestionado por el propio editor y desde el que se presta el servicio solicitado por el usuario.<\/li>\n<li><strong>Cookies de terceros: <\/strong>Son aquellas que se env\u00edan al equipo terminal del usuario desde un equipo o dominio que no es gestionado por el editor, sino por otra entidad que trata los datos obtenidos a trav\u00e9s de las cookies.<\/li>\n<\/ul>\n<p>Seg\u00fan el plazo de tiempo que permanecen activadas:<\/p>\n<ul>\n<li><strong>Cookies de sessi\u00f3n<\/strong>: Son un tipo de cookies dise\u00f1adas para recabar y almacenar datos mientras el usuario accede a una p\u00e1gina web. Se suelen utilizar para almacenar informaci\u00f3n que solo interesa conservar para la prestaci\u00f3n del servicio solicitado por el usuario en una sola ocasi\u00f3n.<\/li>\n<li><strong>Cookies persistentes:<\/strong> Son un tipo de cookies en el que los datos siguen almacenados en el terminal y pueden ser accedidos y tratados durante un per\u00edodo definido por el responsable de la cookie, y que puede ir de unos minutos a varios a\u00f1os.<\/li>\n<\/ul>\n<p>Seg\u00fan la finalidad para la que se traten los datos obtenidos a trav\u00e9s de las cookies, la web puede utilizar:<\/p>\n<p><strong><em>Cookies t\u00e9cnicas<\/em><\/strong> \u2013 Son aquellas que permiten al usuario la navegaci\u00f3n a trav\u00e9s de la p\u00e1gina web o aplicaci\u00f3n y la utilizaci\u00f3n de las diferentes opciones o servicios que en ella existen. Por ejemplo, controlar el tr\u00e1fico y la comunicaci\u00f3n de datos, identificar la sesi\u00f3n, acceder a las partes web de acceso restringido, recordar los elementos que integran un pedido, realizar la solicitud de inscripci\u00f3n o participaci\u00f3n en un evento, utilizar elementos de seguridad durante la navegaci\u00f3n y almacenar contenidos para la difusi\u00f3n de v\u00eddeos o sonido.<\/p>\n<p><strong><em>Cookies de personalizaci\u00f3n <\/em><\/strong>\u2013 Son aquellas que permiten al usuario acceder al servicio con algunas caracter\u00edsticas de car\u00e1cter general predefinidas en su terminal o que el propio usuario defina. Por ejemplo, el idioma, el tipo de navegador a trav\u00e9s del cual accede al servicio, el dise\u00f1o de contenidos seleccionado, geolocalizaci\u00f3n del terminal y la configuraci\u00f3n regional desde donde se accede al servicio.<\/p>\n<p><strong><em>Cookies publicitarias <\/em><\/strong>\u2013 Son aquellas que permiten la gesti\u00f3n eficaz de los espacios publicitarios que se han incluido en la p\u00e1gina web o aplicaci\u00f3n desde la que se presta el servicio. Permiten adecuar el contenido de la publicidad para que esta sea relevante para el usuario y para evitar mostrar anuncios que el usuario haya visto.<\/p>\n<p><strong><em>Cookies de an\u00e1lisis estad\u00edstico<\/em><\/strong> \u2013 Son aquellas que permiten realizar el seguimiento y an\u00e1lisis del comportamiento de los usuarios en los sitios web. La informaci\u00f3n recogida mediante este tipo de cookies se utiliza en la medici\u00f3n de la actividad de los sitios web, aplicaci\u00f3n o plataforma y para la elaboraci\u00f3n de perfiles de navegaci\u00f3n de los usuarios de estos sitios, con el fin de introducir mejoras en el servicio en funci\u00f3n de los datos de uso que hacen los usuarios.<\/p>\n<p>Las cookies utilizadas en este sitio web las puede ver en el <strong><em><u>panel de configuraci\u00f3n<\/u><\/em><\/strong> y ajustar su configuraci\u00f3n en cualquier momento.<\/p>\n<p>Nota: Las cookies de tipo \u201cPropias\u201d son utilizadas solo por el propietario de esta web y las cookies \u201cDe terceros\u201d son utilizadas, tambi\u00e9n, por el prestador del servicio detallado en la tabla anterior.<\/p>\n<p>Puede informarse de las transferencias a terceros pa\u00edses que, en su caso, realizan los terceros identificados en esta pol\u00edtica de cookies en sus correspondientes pol\u00edticas (ver los enlaces facilitados en el apartado \u201cM\u00e1s informaci\u00f3n\u201d de la tabla anterior).<\/p>\n<p><strong>\u00bfC\u00f3mo administrar cookies en su navegador?<\/strong><\/p>\n<p>El usuario tiene la opci\u00f3n de permitir, bloquear o eliminar las cookies instaladas en su equipo mediante la configuraci\u00f3n de las opciones del navegador instalado en su terminal:<\/p>\n<ul>\n<li><strong>Firefox<\/strong>:<\/li>\n<\/ul>\n<p><a href=\"about:blank?trp-edit-translation=preview\"><span style=\"color: var(--awb-color8);\"><u>http:\/\/support.mozilla.org\/es\/kb\/habilitar-y-deshabilitar-cookies-que-los-sitios-we<\/u><\/span><\/a><\/p>\n<ul>\n<li><strong>Chrome<\/strong>:<\/li>\n<\/ul>\n<p><a style=\"color: var(--awb-color8);\" href=\"about:blank?trp-edit-translation=preview\"><u>http:\/\/support.google.com\/chrome\/bin\/answer.py?hl=es&amp;answer=95647<\/u><\/a><\/p>\n<ul>\n<li><strong>Internet Explorer<\/strong>:<\/li>\n<\/ul>\n<p><a style=\"color: var(--awb-color8);\" href=\"about:blank?trp-edit-translation=preview\"><u>https:\/\/support.microsoft.com\/es-es\/help\/278835\/how-to-delete-cookie-files-in-internet-explorer<\/u><\/a><\/p>\n<ul>\n<li><strong>Microsoft Edge:<\/strong><\/li>\n<\/ul>\n<p><a style=\"color: var(--awb-color8);\" href=\"about:blank?trp-edit-translation=preview\"><u>https:\/\/support.microsoft.com\/es-es\/help\/4468242\/microsoft-edge-browsing-data-and-privacy-microsoft-privacy<\/u><\/a><\/p>\n<ul>\n<li><strong>Safari<\/strong>:<\/li>\n<\/ul>\n<p><a style=\"color: var(--awb-color8);\" href=\"about:blank?trp-edit-translation=preview\"><u>http:\/\/support.apple.com\/kb\/ph5042<\/u><\/a><\/p>\n<ul>\n<li><strong>Opera<\/strong>:<\/li>\n<\/ul>\n<p><a style=\"color: var(--awb-color8);\" href=\"about:blank?trp-edit-translation=preview\"><u>http:\/\/help.opera.com\/Windows\/11.50\/es-ES\/cookies.html<\/u><\/a><\/p>\n<p>En caso de bloquear el uso de cookies en su navegador, es posible que algunos servicios o funcionalidades de la p\u00e1gina web no est\u00e9n disponibles.<\/p>\n<p>En algunos navegadores se pueden configurar reglas espec\u00edficas para administrar cookies por sitio web, lo que ofrece un control m\u00e1s preciso sobre la privacidad. Esto significa que se pueden inhabilitar cookies de todos los sitios excepto de aquellos en los que se conf\u00ede.<\/p>\n<p><strong>Actualizado:<\/strong> 05\/1\/2024 07:39<\/p>\n<p><strong>\u00bfQu\u00e9 son las cookies?<\/strong><\/p>\n<p>Las cookies (cookies) y tecnolog\u00edas similares son documentos de texto muy peque\u00f1os o fragmentos de c\u00f3digo que a menudo contienen un c\u00f3digo de identificaci\u00f3n \u00fanico. Cuando visite un sitio web o utilice una aplicaci\u00f3n m\u00f3vil, un ordenador pide permiso a su ordenador o dispositivo m\u00f3vil para guardar este archivo en el ordenador o dispositivo m\u00f3vil y acceder a la informaci\u00f3n. La informaci\u00f3n recopilada a trav\u00e9s de cookies y tecnolog\u00edas similares puede incluir la fecha y la hora de la visita y la forma en que utiliza un sitio web o una aplicaci\u00f3n m\u00f3vil en particular.<\/p>\n<p><strong>\u00bfPara qu\u00e9 utilizamos cookies?<\/strong><\/p>\n<p>Las cookies aseguran que durante su visita a nuestra tienda online usted est\u00e9 conectado, que todos los art\u00edculos permanezcan almacenados en la cesta de compras, que pueda comprar de forma segura y que el sitio web siga funcionando sin problemas. Las cookies tambi\u00e9n aseguran que podamos ver c\u00f3mo se usa nuestro sitio web y c\u00f3mo podemos mejorarlo. Adem\u00e1s, dependiendo de sus preferencias, nuestras cookies pueden ser usadas para presentarle anuncios espec\u00edficos que coincidan con sus intereses personales.<\/p>\n<p><strong>\u00bfQu\u00e9 tipo de cookies utilizamos?<\/strong><\/p>\n<p><strong>Cookies necesarias<\/strong><\/p>\n<p>Estas cookies son necesarias para que el sitio web funcione correctamente. Algunas de las siguientes acciones se pueden realizar gracias a estas cookies: - Almacenar art\u00edculos en un carrito de compra para compras online - Guardar las preferencias de cookies para este sitio web - Guardar preferencias de idioma - Iniciar una sesi\u00f3n en nuestro portal. Debemos comprobar si ha iniciado sesi\u00f3n.<\/p>\n<p><strong>\u00bfC\u00f3mo puedo desactivar o eliminar las cookies?<\/strong><\/p>\n<p>Puede optar por no usar todas las cookies, excepto las necesarias. En la configuraci\u00f3n del navegador, puede cambiar la configuraci\u00f3n para asegurarse de que se bloqueen las cookies. La mayor\u00eda de los navegadores le ofrecen una explicaci\u00f3n sobre c\u00f3mo hacerlo en el llamado \"men\u00fa de ayuda\". No obstante, si bloquea las cookies, es posible que no pueda disfrutar de todas las caracter\u00edsticas t\u00e9cnicas que nuestro sitio web tiene para ofrecerle y puede afectar negativamente a su experiencia de usuario.<\/p>\n<p>Hemos facilitado la gesti\u00f3n de su consentimiento.<\/p>\n<p>Si desea ver su auditor\u00eda de consentimientos, p\u00f3ngase en contacto con el administrador del sitio web.<\/p>\n<p>Su \u00faltimo cambio de consentimiento se ha registrado el: <strong>05\/1\/2024 07:40<\/strong><\/p>\n<\/div><\/div><\/div><\/div><\/div><\/p>","protected":false},"excerpt":{"rendered":"","protected":false},"author":2,"featured_media":0,"parent":0,"menu_order":0,"comment_status":"closed","ping_status":"closed","template":"100-width.php","meta":{"footnotes":""},"class_list":["post-1531","page","type-page","status-publish","hentry"],"yoast_head":"<!-- This site is optimized with the Yoast SEO plugin v27.4 - https:\/\/yoast.com\/product\/yoast-seo-wordpress\/ -->\n<title>Pol\u00edtica de Cookies - L&#039;Aube<\/title>\n<meta name=\"description\" content=\"Aquest lloc web utilitza cookies pr\u00f2pies i de tercers per a oferir-li una millor experi\u00e8ncia i servei. En navegar...\" \/>\n<meta name=\"robots\" content=\"index, follow, max-snippet:-1, max-image-preview:large, max-video-preview:-1\" \/>\n<link rel=\"canonical\" href=\"https:\/\/laube.mobi\/es\/politica-de-cookies\/\" \/>\n<meta property=\"og:locale\" content=\"es_ES\" \/>\n<meta property=\"og:type\" content=\"article\" \/>\n<meta property=\"og:title\" content=\"Pol\u00edtica de Cookies - L&#039;Aube\" \/>\n<meta property=\"og:description\" content=\"Aquest lloc web utilitza cookies pr\u00f2pies i de tercers per a oferir-li una millor experi\u00e8ncia i servei. En navegar...\" \/>\n<meta property=\"og:url\" content=\"https:\/\/laube.mobi\/es\/politica-de-cookies\/\" \/>\n<meta property=\"og:site_name\" content=\"L&#039;Aube\" \/>\n<meta property=\"article:modified_time\" content=\"2024-03-07T09:10:15+00:00\" \/>\n<meta name=\"twitter:card\" content=\"summary_large_image\" \/>\n<meta name=\"twitter:label1\" content=\"Tiempo de lectura\" \/>\n\t<meta name=\"twitter:data1\" content=\"8 minutos\" \/>\n<script type=\"application\/ld+json\" class=\"yoast-schema-graph\">{\"@context\":\"https:\\\/\\\/schema.org\",\"@graph\":[{\"@type\":\"WebPage\",\"@id\":\"https:\\\/\\\/laube.mobi\\\/politica-de-cookies\\\/\",\"url\":\"https:\\\/\\\/laube.mobi\\\/politica-de-cookies\\\/\",\"name\":\"Pol\u00edtica de Cookies - L&#039;Aube\",\"isPartOf\":{\"@id\":\"https:\\\/\\\/laube.mobi\\\/#website\"},\"datePublished\":\"2024-01-05T07:17:34+00:00\",\"dateModified\":\"2024-03-07T09:10:15+00:00\",\"description\":\"Aquest lloc web utilitza cookies pr\u00f2pies i de tercers per a oferir-li una millor experi\u00e8ncia i servei. En navegar...\",\"breadcrumb\":{\"@id\":\"https:\\\/\\\/laube.mobi\\\/politica-de-cookies\\\/#breadcrumb\"},\"inLanguage\":\"es\",\"potentialAction\":[{\"@type\":\"ReadAction\",\"target\":[\"https:\\\/\\\/laube.mobi\\\/politica-de-cookies\\\/\"]}]},{\"@type\":\"BreadcrumbList\",\"@id\":\"https:\\\/\\\/laube.mobi\\\/politica-de-cookies\\\/#breadcrumb\",\"itemListElement\":[{\"@type\":\"ListItem\",\"position\":1,\"name\":\"Inici\",\"item\":\"https:\\\/\\\/laube.mobi\\\/\"},{\"@type\":\"ListItem\",\"position\":2,\"name\":\"Pol\u00edtica de Cookies\"}]},{\"@type\":\"WebSite\",\"@id\":\"https:\\\/\\\/laube.mobi\\\/#website\",\"url\":\"https:\\\/\\\/laube.mobi\\\/\",\"name\":\"L&#039;Aube\",\"description\":\"Entorn Natural, Salut i Societat\",\"potentialAction\":[{\"@type\":\"SearchAction\",\"target\":{\"@type\":\"EntryPoint\",\"urlTemplate\":\"https:\\\/\\\/laube.mobi\\\/?s={search_term_string}\"},\"query-input\":{\"@type\":\"PropertyValueSpecification\",\"valueRequired\":true,\"valueName\":\"search_term_string\"}}],\"inLanguage\":\"es\"}]}<\/script>\n<!-- \/ Yoast SEO plugin. -->","yoast_head_json":{"title":"Pol\u00edtica de Cookies - L&#039;Aube","description":"Aquest lloc web utilitza cookies pr\u00f2pies i de tercers per a oferir-li una millor experi\u00e8ncia i servei. En navegar...","robots":{"index":"index","follow":"follow","max-snippet":"max-snippet:-1","max-image-preview":"max-image-preview:large","max-video-preview":"max-video-preview:-1"},"canonical":"https:\/\/laube.mobi\/es\/politica-de-cookies\/","og_locale":"es_ES","og_type":"article","og_title":"Pol\u00edtica de Cookies - L&#039;Aube","og_description":"Aquest lloc web utilitza cookies pr\u00f2pies i de tercers per a oferir-li una millor experi\u00e8ncia i servei. En navegar...","og_url":"https:\/\/laube.mobi\/es\/politica-de-cookies\/","og_site_name":"L&#039;Aube","article_modified_time":"2024-03-07T09:10:15+00:00","twitter_card":"summary_large_image","twitter_misc":{"Tiempo de lectura":"8 minutos"},"schema":{"@context":"https:\/\/schema.org","@graph":[{"@type":"WebPage","@id":"https:\/\/laube.mobi\/politica-de-cookies\/","url":"https:\/\/laube.mobi\/politica-de-cookies\/","name":"Pol\u00edtica de Cookies - L&#039;Aube","isPartOf":{"@id":"https:\/\/laube.mobi\/#website"},"datePublished":"2024-01-05T07:17:34+00:00","dateModified":"2024-03-07T09:10:15+00:00","description":"Aquest lloc web utilitza cookies pr\u00f2pies i de tercers per a oferir-li una millor experi\u00e8ncia i servei. En navegar...","breadcrumb":{"@id":"https:\/\/laube.mobi\/politica-de-cookies\/#breadcrumb"},"inLanguage":"es","potentialAction":[{"@type":"ReadAction","target":["https:\/\/laube.mobi\/politica-de-cookies\/"]}]},{"@type":"BreadcrumbList","@id":"https:\/\/laube.mobi\/politica-de-cookies\/#breadcrumb","itemListElement":[{"@type":"ListItem","position":1,"name":"Inici","item":"https:\/\/laube.mobi\/"},{"@type":"ListItem","position":2,"name":"Pol\u00edtica de Cookies"}]},{"@type":"WebSite","@id":"https:\/\/laube.mobi\/#website","url":"https:\/\/laube.mobi\/","name":"\"L'Aube\"","description":"Entorno Natural, Salud y Sociedad","potentialAction":[{"@type":"SearchAction","target":{"@type":"EntryPoint","urlTemplate":"https:\/\/laube.mobi\/?s={search_term_string}"},"query-input":{"@type":"PropertyValueSpecification","valueRequired":true,"valueName":"search_term_string"}}],"inLanguage":"es"}]}},"_links":{"self":[{"href":"https:\/\/laube.mobi\/es\/wp-json\/wp\/v2\/pages\/1531","targetHints":{"allow":["GET"]}}],"collection":[{"href":"https:\/\/laube.mobi\/es\/wp-json\/wp\/v2\/pages"}],"about":[{"href":"https:\/\/laube.mobi\/es\/wp-json\/wp\/v2\/types\/page"}],"author":[{"embeddable":true,"href":"https:\/\/laube.mobi\/es\/wp-json\/wp\/v2\/users\/2"}],"replies":[{"embeddable":true,"href":"https:\/\/laube.mobi\/es\/wp-json\/wp\/v2\/comments?post=1531"}],"version-history":[{"count":5,"href":"https:\/\/laube.mobi\/es\/wp-json\/wp\/v2\/pages\/1531\/revisions"}],"predecessor-version":[{"id":4076,"href":"https:\/\/laube.mobi\/es\/wp-json\/wp\/v2\/pages\/1531\/revisions\/4076"}],"wp:attachment":[{"href":"https:\/\/laube.mobi\/es\/wp-json\/wp\/v2\/media?parent=1531"}],"curies":[{"name":"wp","href":"https:\/\/api.w.org\/{rel}","templated":true}]}}